{"id":77,"date":"2025-06-27T10:20:34","date_gmt":"2025-06-27T13:20:34","guid":{"rendered":"https:\/\/fimbrazo.com.br\/?page_id=77"},"modified":"2025-08-01T11:08:47","modified_gmt":"2025-08-01T14:08:47","slug":"inicio","status":"publish","type":"page","link":"https:\/\/fimbrazo.com.br\/","title":{"rendered":"Fimbrazo Seguros"},"content":{"rendered":"","protected":false},"excerpt":{"rendered":"<p>A melhor corretora de seguros de Maring\u00e1. Solu\u00e7\u00f5es para proteger tudo o que mais importa pra voc\u00ea. Seguro Auto, Seguro Residencial, Seguro Empresarial e Seguro Agro. Fale conosco agora!<\/p>\n","protected":false},"author":1,"featured_media":93,"parent":0,"menu_order":0,"comment_status":"closed","ping_status":"closed","template":"","meta":{"_acf_changed":false,"footnotes":""},"class_list":["post-77","page","type-page","status-publish","has-post-thumbnail","hentry"],"acf":[],"_links":{"self":[{"href":"https:\/\/fimbrazo.com.br\/index.php?rest_route=\/wp\/v2\/pages\/77","targetHints":{"allow":["GET"]}}],"collection":[{"href":"https:\/\/fimbrazo.com.br\/index.php?rest_route=\/wp\/v2\/pages"}],"about":[{"href":"https:\/\/fimbrazo.com.br\/index.php?rest_route=\/wp\/v2\/types\/page"}],"author":[{"embeddable":true,"href":"https:\/\/fimbrazo.com.br\/index.php?rest_route=\/wp\/v2\/users\/1"}],"replies":[{"embeddable":true,"href":"https:\/\/fimbrazo.com.br\/index.php?rest_route=%2Fwp%2Fv2%2Fcomments&post=77"}],"version-history":[{"count":12,"href":"https:\/\/fimbrazo.com.br\/index.php?rest_route=\/wp\/v2\/pages\/77\/revisions"}],"predecessor-version":[{"id":444,"href":"https:\/\/fimbrazo.com.br\/index.php?rest_route=\/wp\/v2\/pages\/77\/revisions\/444"}],"wp:featuredmedia":[{"embeddable":true,"href":"https:\/\/fimbrazo.com.br\/index.php?rest_route=\/wp\/v2\/media\/93"}],"wp:attachment":[{"href":"https:\/\/fimbrazo.com.br\/index.php?rest_route=%2Fwp%2Fv2%2Fmedia&parent=77"}],"curies":[{"name":"wp","href":"https:\/\/api.w.org\/{rel}","templated":true}]}}